{"id":11968,"date":"2021-06-03T15:45:19","date_gmt":"2021-06-03T13:45:19","guid":{"rendered":"https:\/\/fundatia.moldcell.md\/?page_id=11968"},"modified":"2024-07-04T13:15:47","modified_gmt":"2024-07-04T11:15:47","slug":"contacts-new","status":"publish","type":"page","link":"https:\/\/fundatia.moldcell.md\/ru\/contacts-new\/","title":{"rendered":"Contacts new"},"content":{"rendered":"<p><\/p>\n<p>[vc_section full_width=&#8221;stretch_row&#8221; css=&#8221;.vc_custom_1622728157397{margin-top: 0px !important;margin-bottom: 0px !important;padding-top: 0px !important;padding-bottom: 0px !important;background-image: url(https:\/\/fundatia.moldcell.md\/wp-content\/uploads\/2021\/05\/patern.png?id=11348) !important;background-position: center !important;background-repeat: no-repeat !important;background-size: cover !important;}&#8221;][vc_row full_width=&#8221;stretch_row&#8221; gap=&#8221;35&#8243; equal_height=&#8221;yes&#8221; css_animation=&#8221;none&#8221; css=&#8221;.vc_custom_1622728990469{margin-top: 0px !important;margin-bottom: 0px !important;padding-top: 30px !important;padding-bottom: 30px !important;}&#8221; el_class=&#8221;svg-res&#8221;][vc_column width=&#8221;1\/3&#8243; css=&#8221;.vc_custom_1519736485121{margin-top: 0px !important;margin-bottom: 0px !important;padding-top: 0px !important;padding-bottom: 0px !important;}&#8221; el_class=&#8221;border-right&#8221;][vc_single_image image=&#8221;11957&#8243; alignment=&#8221;center&#8221; css=&#8221;.vc_custom_1622728877252{margin-top: 0px !important;margin-bottom: 10px !important;padding-top: 0px !important;padding-bottom: 0px !important;}&#8221;][vc_custom_heading text=&#8221;TELEFON&#8221; font_container=&#8221;tag:h3|font_size:16px|text_align:center|color:%23ffffff|line_height:24px&#8221; use_theme_fonts=&#8221;yes&#8221;][vc_custom_heading text=&#8221;022-444-444&#8243; font_container=&#8221;tag:h4|font_size:16px|text_align:center|color:%23ffffff|line_height:24px&#8221; use_theme_fonts=&#8221;yes&#8221; css=&#8221;.vc_custom_1622727083567{margin-top: 25px !important;margin-bottom: 0px !important;padding-top: 0px !important;padding-bottom: 0px !important;}&#8221;][\/vc_column][vc_column width=&#8221;1\/3&#8243; css=&#8221;.vc_custom_1519736498190{margin-top: 0px !important;margin-bottom: 0px !important;padding-top: 0px !important;padding-bottom: 0px !important;}&#8221; el_class=&#8221;border-right&#8221;][vc_single_image image=&#8221;11955&#8243; alignment=&#8221;center&#8221; css=&#8221;.vc_custom_1622728332436{margin-top: 0px !important;margin-bottom: 10px !important;padding-top: 0px !important;padding-bottom: 0px !important;}&#8221;][vc_custom_heading text=&#8221;EMAIL&#8221; font_container=&#8221;tag:h3|font_size:16px|text_align:center|color:%23ffffff|line_height:24px&#8221; use_theme_fonts=&#8221;yes&#8221;][vc_custom_heading text=&#8221;fundatiamoldcell@moldcell.md&#8221; font_container=&#8221;tag:h4|font_size:16px|text_align:center|color:%23ffffff|line_height:24px&#8221; use_theme_fonts=&#8221;yes&#8221; css=&#8221;.vc_custom_1622727089383{margin-top: 25px !important;margin-bottom: 0px !important;padding-top: 0px !important;padding-bottom: 0px !important;}&#8221; link=&#8221;url:mailto%3Afundatiamoldcell%40moldcell.md|title:fundatiamoldcell%40moldcell.md&#8221;][\/vc_column][vc_column width=&#8221;1\/3&#8243; css=&#8221;.vc_custom_1519736281484{margin-top: 0px !important;margin-bottom: 0px !important;padding-top: 0px !important;padding-bottom: 0px !important;}&#8221;][vc_single_image image=&#8221;11956&#8243; alignment=&#8221;center&#8221; css=&#8221;.vc_custom_1622728339067{margin-top: 0px !important;margin-bottom: 10px !important;padding-top: 0px !important;padding-bottom: 0px !important;}&#8221;][vc_custom_heading text=&#8221;ADRES\u0102&#8221; font_container=&#8221;tag:h3|font_size:16px|text_align:center|color:%23ffffff|line_height:24px&#8221; use_theme_fonts=&#8221;yes&#8221;][vc_custom_heading text=&#8221;MD-2060, Chi\u0219in\u0103u, str. Belgrad 3&#8243; font_container=&#8221;tag:h4|font_size:16px|text_align:center|color:%23ffffff|line_height:24px&#8221; use_theme_fonts=&#8221;yes&#8221; css=&#8221;.vc_custom_1622727096805{margin-top: 25px !important;margin-bottom: 0px !important;padding-top: 0px !important;padding-bottom: 0px !important;}&#8221;][\/vc_column][\/vc_row][vc_row el_class=&#8221;.container&#8221;][vc_column width=&#8221;1\/3&#8243;][\/vc_column][vc_column width=&#8221;1\/12&#8243;][vc_icon icon_fontawesome=&#8221;fab fa-facebook&#8221; color=&#8221;white&#8221; align=&#8221;center&#8221;][\/vc_column][vc_column width=&#8221;1\/12&#8243;][vc_icon icon_fontawesome=&#8221;fab fa-instagram&#8221; color=&#8221;white&#8221; align=&#8221;center&#8221;][\/vc_column][vc_column width=&#8221;1\/12&#8243;][vc_icon icon_fontawesome=&#8221;fab fa-youtube&#8221; color=&#8221;white&#8221; align=&#8221;center&#8221;][\/vc_column][vc_column width=&#8221;1\/12&#8243;][vc_icon icon_fontawesome=&#8221;fab fa-twitter&#8221; color=&#8221;white&#8221; align=&#8221;center&#8221;][\/vc_column][vc_column width=&#8221;1\/3&#8243;][\/vc_column][\/vc_row][vc_row full_width=&#8221;stretch_row&#8221; equal_height=&#8221;yes&#8221; css_animation=&#8221;none&#8221; css=&#8221;.vc_custom_1519735285326{margin-top: 0px !important;margin-bottom: 0px !important;padding-top: 73px !important;padding-bottom: 73px !important;background-color: #f7f7f7 !important;}&#8221;][vc_column width=&#8221;1\/2&#8243; css=&#8221;.vc_custom_1519733264007{margin-top: 0px !important;margin-bottom: 0px !important;padding-top: 0px !important;padding-bottom: 0px !important;}&#8221;][vc_custom_heading text=&#8221;Suntem \u00eentotdeauna bucuro\u015fi s\u0103 te deservim \u015fi s\u0103 g\u0103sim solu\u0163ia \u00eempreun\u0103!&#8221; font_container=&#8221;tag:h3|font_size:26px|text_align:center|line_height:26px&#8221; use_theme_fonts=&#8221;yes&#8221; css_animation=&#8221;none&#8221; css=&#8221;.vc_custom_1622723275471{margin-top: 0px !important;margin-bottom: 0px !important;padding-top: 0px !important;padding-bottom: 0px !important;}&#8221;][vc_row_inner css=&#8221;.vc_custom_1519730957211{margin-top: 35px !important;margin-bottom: 0px !important;padding-top: 0px !important;padding-bottom: 0px !important;}&#8221;][vc_column_inner]\r<!-- rt-cf7 -->\r<div class=\"radiant-contact-form rt5e4ab169237af3d element-one \"  ><div role=\"form\" class=\"wpcf7\" id=\"wpcf7-f11952-o2\" lang=\"en-US\" dir=\"ltr\">\n<div class=\"screen-reader-response\"><p role=\"status\" aria-live=\"polite\" aria-atomic=\"true\"><\/p> <ul><\/ul><\/div>\n<form action=\"\/ru\/wp-json\/wp\/v2\/pages\/11968#wpcf7-f11952-o2\" method=\"post\" class=\"wpcf7-form init\" novalidate=\"novalidate\" data-status=\"init\">\n<div style=\"display: none;\">\n<input type=\"hidden\" name=\"_wpcf7\" value=\"11952\" \/>\n<input type=\"hidden\" name=\"_wpcf7_version\" value=\"5.3\" \/>\n<input type=\"hidden\" name=\"_wpcf7_locale\" value=\"en_US\" \/>\n<input type=\"hidden\" name=\"_wpcf7_unit_tag\" value=\"wpcf7-f11952-o2\" \/>\n<input type=\"hidden\" name=\"_wpcf7_container_post\" value=\"0\" \/>\n<input type=\"hidden\" name=\"_wpcf7_posted_data_hash\" value=\"\" \/>\n<\/div>\n<div class=\"row\">\n<div class=\"col-lg-6 col-md-6 col-sm-12 col-xs-12\">\n<div class=\"form-row\">\n<span class=\"wpcf7-form-control-wrap Name\"><input type=\"text\" name=\"Name\" value=\"\" size=\"40\" class=\"wpcf7-form-control wpcf7-text wpcf7-validates-as-required\" aria-required=\"true\" aria-invalid=\"false\" placeholder=\"\u0418\u043c\u044f:\" \/><\/span>\n<\/div>\n<\/div>\n<div class=\"col-lg-6 col-md-6 col-sm-12 col-xs-12\">\n<div class=\"form-row\">\n<span class=\"wpcf7-form-control-wrap email\"><input type=\"email\" name=\"email\" value=\"\" size=\"40\" class=\"wpcf7-form-control wpcf7-text wpcf7-email wpcf7-validates-as-required wpcf7-validates-as-email\" aria-required=\"true\" aria-invalid=\"false\" placeholder=\"E-mail:\" \/><\/span>\n<\/div>\n<\/div>\n<div class=\"col-lg-12 col-md-12 col-sm-12 col-xs-12\">\n<div class=\"form-row\">\n<span class=\"wpcf7-form-control-wrap subject\"><input type=\"text\" name=\"subject\" value=\"\" size=\"40\" class=\"wpcf7-form-control wpcf7-text\" aria-invalid=\"false\" placeholder=\"\u0422\u0435\u043c\u0430:\" \/><\/span>\n<\/div>\n<\/div>\n<div class=\"col-lg-12 col-md-12 col-sm-12 col-xs-12\">\n<div class=\"form-row \">\n<span class=\"wpcf7-form-control-wrap message\"><textarea name=\"message\" cols=\"40\" rows=\"10\" class=\"wpcf7-form-control wpcf7-textarea\" aria-invalid=\"false\" placeholder=\"\u0421\u043e\u043e\u0431\u0449\u0435\u043d\u0438\u0435:\"><\/textarea><\/span>\n<\/div>\n<\/div>\n<div class=\"col-lg-12 col-md-12 col-sm-12 col-xs-12\">\n<div class=\"form-row last button text-center\">\n<input type=\"submit\" value=\"\u041e\u0442\u043f\u0440\u0430\u0432\u0438\u0442\u044c\" class=\"wpcf7-form-control wpcf7-submit custom-btn-submit2\" \/>\n<\/div>\n<\/div>\n<\/div>\n<div class=\"wpcf7-response-output\" aria-hidden=\"true\"><\/div><\/form><\/div><\/div>\r<!-- rt-cf7 -->\r[\/vc_column_inner][\/vc_row_inner][\/vc_column][vc_column width=&#8221;1\/2&#8243; css=&#8221;.vc_custom_1622722917249{padding-left: 30px !important;}&#8221;][vc_gmaps link=&#8221;#E-8_JTNDaWZyYW1lJTIwc3JjJTNEJTIyaHR0cHMlM0ElMkYlMkZ3d3cuZ29vZ2xlLmNvbSUyRm1hcHMlMkZlbWJlZCUzRnBiJTNEJTIxMW0xOCUyMTFtMTIlMjExbTMlMjExZDI3MjEuNTYyODczMzUxODMzJTIxMmQyOC44NjM0ODkxMTU0MTAyNiUyMTNkNDYuOTg5OTE5ODM4MzY2NTIlMjEybTMlMjExZjAlMjEyZjAlMjEzZjAlMjEzbTIlMjExaTEwMjQlMjEyaTc2OCUyMTRmMTMuMSUyMTNtMyUyMTFtMiUyMTFzMHg0MGM5Nzk1MjE0MmU3MGE5JTI1M0EweDhhMGUzYjFmOTY3ZDY0MGElMjEyc1N0cmFkYSUyNTIwQmVsZ3JhZCUyNTIwMyUyNTJDJTI1MjBDaGklMjVDOCUyNTk5aW4lMjVDNCUyNTgzdSUyNTIwMjA2MCUyNTJDJTI1MjBNb2xkb3ZhJTIxNWUwJTIxM20yJTIxMXNlbiUyMTJzJTIxNHYxNjIxNDIwNjQ5NDUyJTIxNW0yJTIxMXNlbiUyMTJzJTIyJTIwd2lkdGglM0QlMjIxMTQwJTIyJTIwaGVpZ2h0JTNEJTIyNDc5JTIyJTIwZnJhbWVib3JkZXIlM0QlMjIwJTIyJTIwc3R5bGUlM0QlMjJib3JkZXIlM0EwJTIyJTIwYWxsb3dmdWxsc2NyZWVuJTNFJTNDJTJGaWZyYW1lJTNF&#8221;][\/vc_column][\/vc_row][\/vc_section]<\/p>\n<p><\/p>","protected":false},"excerpt":{"rendered":"<p>[vc_section full_width=&#8221;stretch_row&#8221; css=&#8221;.vc_custom_1622728157397{margin-top: 0px !important;margin-bottom: 0px !important;padding-top: 0px !important;padding-bottom: 0px !important;background-image: url(https:\/\/fundatia.moldcell.md\/wp-content\/uploads\/2021\/05\/patern.png?id=11348) !important;background-position: center !important;background-repeat: no-repeat !important;background-size: cover !important;}&#8221;][vc_row full_width=&#8221;stretch_row&#8221; gap=&#8221;35&#8243; equal_height=&#8221;yes&#8221; css_animation=&#8221;none&#8221; css=&#8221;.vc_custom_1622728990469{margin-top: 0px !important;margin-bottom: 0px !important;padding-top: 30px !important;padding-bottom: 30px !important;}&#8221; el_class=&#8221;svg-res&#8221;][vc_column width=&#8221;1\/3&#8243; css=&#8221;.vc_custom_1519736485121{margin-top: 0px !important;margin-bottom: 0px !important;padding-top: 0px !important;padding-bottom: 0px !important;}&#8221; el_class=&#8221;border-right&#8221;][vc_single_image image=&#8221;11957&#8243; alignment=&#8221;center&#8221; css=&#8221;.vc_custom_1622728877252{margin-top: 0px !important;margin-bottom: 10px !important;padding-top: 0px !important;padding-bottom: 0px !important;}&#8221;][vc_custom_heading [&hellip;]<\/p>\n","protected":false},"author":1,"featured_media":0,"parent":0,"menu_order":0,"comment_status":"closed","ping_status":"closed","template":"","meta":[],"_links":{"self":[{"href":"https:\/\/fundatia.moldcell.md\/ru\/wp-json\/wp\/v2\/pages\/11968"}],"collection":[{"href":"https:\/\/fundatia.moldcell.md\/ru\/wp-json\/wp\/v2\/pages"}],"about":[{"href":"https:\/\/fundatia.moldcell.md\/ru\/wp-json\/wp\/v2\/types\/page"}],"author":[{"embeddable":true,"href":"https:\/\/fundatia.moldcell.md\/ru\/wp-json\/wp\/v2\/users\/1"}],"replies":[{"embeddable":true,"href":"https:\/\/fundatia.moldcell.md\/ru\/wp-json\/wp\/v2\/comments?post=11968"}],"version-history":[{"count":26,"href":"https:\/\/fundatia.moldcell.md\/ru\/wp-json\/wp\/v2\/pages\/11968\/revisions"}],"predecessor-version":[{"id":12578,"href":"https:\/\/fundatia.moldcell.md\/ru\/wp-json\/wp\/v2\/pages\/11968\/revisions\/12578"}],"wp:attachment":[{"href":"https:\/\/fundatia.moldcell.md\/ru\/wp-json\/wp\/v2\/media?parent=11968"}],"curies":[{"name":"wp","href":"https:\/\/api.w.org\/{rel}","templated":true}]}}