{"id":12275,"date":"2022-02-28T16:09:12","date_gmt":"2022-02-28T14:09:12","guid":{"rendered":"https:\/\/fundatia.moldcell.md\/?page_id=12275"},"modified":"2026-03-24T14:45:29","modified_gmt":"2026-03-24T12:45:29","slug":"redirectioneaza-2","status":"publish","type":"page","link":"https:\/\/fundatia.moldcell.md\/en\/redirectioneaza-2\/","title":{"rendered":"Redirect 2% for Moldcell Foundation projects 2026"},"content":{"rendered":"<p>[vc_row full_width=&#8221;stretch_row_content&#8221; css=&#8221;.vc_custom_1646318446834{margin-bottom: 0px !important;background-position: center !important;background-repeat: no-repeat !important;background-size: cover !important;}&#8221;][vc_column css=&#8221;.vc_custom_1646318396332{margin-bottom: 0px !important;padding-top: 0px !important;padding-right: 0px !important;padding-bottom: 0px !important;padding-left: 0px !important;}&#8221; offset=&#8221;vc_hidden-xs&#8221;][vc_single_image image=&#8221;12903&#8243; img_size=&#8221;full&#8221; alignment=&#8221;center&#8221; css=&#8221;.vc_custom_1742390829425{margin-bottom: 0px !important;}&#8221;][\/vc_column][\/vc_row][vc_row full_width=&#8221;stretch_row_content&#8221; css=&#8221;.vc_custom_1646318422179{margin-bottom: 0px !important;background-position: center !important;background-repeat: no-repeat !important;background-size: cover !important;}&#8221;][vc_column css=&#8221;.vc_custom_1646318383558{margin-bottom: 0px !important;padding-top: 0px !important;padding-right: 0px !important;padding-bottom: 0px !important;padding-left: 0px !important;}&#8221; offset=&#8221;vc_hidden-lg vc_hidden-md vc_hidden-sm&#8221;][vc_single_image image=&#8221;12903&#8243; img_size=&#8221;full&#8221; alignment=&#8221;center&#8221; css=&#8221;.vc_custom_1742390829425{margin-bottom: 0px !important;}&#8221;][\/vc_column][\/vc_row][vc_row full_width=&#8221;stretch_row&#8221; css=&#8221;.vc_custom_1646296893145{background-color: #f6f6f6 !important;}&#8221;][vc_column css=&#8221;.vc_custom_1646316162271{background-color: #f6f6f6 !important;}&#8221; offset=&#8221;vc_hidden-xs&#8221;][vc_column_text]<\/p>\n<p style=\"font-size: 22px; line-height: 32px; text-align: left; color: #333; font-weight: 400;\"><strong>Alege s\u0103 redirec\u021bionezi 2% c\u0103tre Funda\u021bia Moldcell \u0219i s\u0103 contribui direct \u0219i vizibil la proiecte care dezvolt\u0103 comunitatea noastr\u0103 \u0219i ajut\u0103 Moldova s\u0103 devin\u0103 un loc de trai mai bun.<\/strong><\/p>\n<p style=\"font-size: 32px; line-height: 44px; text-align: center; color: #9a23d8; font-weight: 500;\">Ce \u00eenseamn\u0103 s\u0103 redirec\u021bionezi 2% din impozitul t\u0103u?<\/p>\n<p style=\"font-size: 22px; line-height: 32px; text-align: left; color: #333; font-weight: 400;\">Redirec\u021bionarea a 2% din impozitul pe venit este dreptul t\u0103u legal de a decide cum sunt utiliza\u021bi o parte din banii pe care \u00eei pl\u0103te\u0219ti deja statului, sub form\u0103 de impozit. Practic, tu decizi s\u0103 sus\u021bii direct \u0219i transparent proiecte sociale, f\u0103r\u0103 s\u0103 cheltuie\u0219ti vreun ban \u00een plus din propriul buzunar.<\/p>\n<p style=\"font-size: 22px; line-height: 32px; text-align: left; color: #333; font-weight: 400;\">Dac\u0103 alegi s\u0103 redirec\u021bionezi aceste 2% c\u0103tre Funda\u021bia Moldcell, statul va primi 98% din impozitul t\u0103u, iar 2% vor fi direc\u021bionate c\u0103tre proiectele sociale ale Funda\u021biei. Astfel, ai oportunitatea s\u0103 transformi acest drept \u00eentr-o decizie simpl\u0103 \u0219i rapid\u0103, dar cu impact real \u0219i de durat\u0103.<\/p>\n<p style=\"font-size: 32px; line-height: 44px; text-align: center; color: #9a23d8; font-weight: 500;\">Sus\u021bine proiectele Funda\u021biei Moldcell:<\/p>\n<p style=\"font-size: 22px; line-height: 32px; text-align: left; color: #333; font-weight: 400;\"><strong>Educa\u021bie \u0219i Createch:<\/strong> Promov\u0103m educa\u021bia modern\u0103 \u0219i creativitatea digital\u0103 pentru copii \u0219i tineri, oferindu-le acces la cuno\u0219tin\u021be \u0219i tehnologii avansate.<\/p>\n<p style=\"font-size: 22px; line-height: 32px; text-align: left; color: #333; font-weight: 400;\"><strong>Incluziune digital\u0103:<\/strong> Lupt\u0103m pentru egalitatea \u0219anselor \u0219i pentru a facilita accesul tuturor la mediul digital, indiferent de v\u00e2rst\u0103 sau context social.<\/p>\n<p style=\"font-size: 22px; line-height: 32px; text-align: left; color: #333; font-weight: 400;\"><strong>Abilitarea femeilor:<\/strong> \u00cencuraj\u0103m \u0219i sus\u021binem femeile s\u0103 \u00ee\u0219i dezvolte abilit\u0103\u021bile digitale \u0219i antreprenoriale, contribuind la crearea unei societ\u0103\u021bi mai echitabile \u0219i mai puternice.<\/p>\n<p style=\"font-size: 22px; line-height: 32px; text-align: left; color: #333; font-weight: 400;\"><strong>Siguran\u021ba online:<\/strong> Dezvolt\u0103m programe \u0219i campanii pentru a proteja \u0219i informa copiii \u0219i adul\u021bii despre riscurile \u0219i oportunit\u0103\u021bile din mediul online.<\/p>\n<p style=\"font-size: 22px; line-height: 32px; text-align: left; color: #333; font-weight: 400;\"><strong>Antreprenoriat social:<\/strong> Sprijinim ini\u021biativele antreprenoriale cu impact pozitiv asupra comunit\u0103\u021bii \u0219i ajut\u0103m ideile valoroase s\u0103 se transforme \u00een proiecte sustenabile.<\/p>\n<p>[\/vc_column_text][\/vc_column][\/vc_row][vc_row full_width=&#8221;stretch_row&#8221; css=&#8221;.vc_custom_1646296893145{background-color: #f6f6f6 !important;}&#8221;][vc_column css=&#8221;.vc_custom_1646316167446{background-color: #f6f6f6 !important;}&#8221; offset=&#8221;vc_hidden-lg vc_hidden-md vc_hidden-sm&#8221;][vc_column_text]<\/p>\n<p style=\"font-size: 22px; line-height: 32px; text-align: left; color: #333; font-weight: 400;\"><strong>Alege s\u0103 redirec\u021bionezi 2% c\u0103tre Funda\u021bia Moldcell \u0219i s\u0103 contribui direct \u0219i vizibil la proiecte care dezvolt\u0103 comunitatea noastr\u0103 \u0219i ajut\u0103 Moldova s\u0103 devin\u0103 un loc de trai mai bun.<\/strong><\/p>\n<p style=\"font-size: 32px; line-height: 44px; text-align: center; color: #9a23d8; font-weight: 500;\">Ce \u00eenseamn\u0103 s\u0103 redirec\u021bionezi 2% din impozitul t\u0103u?<\/p>\n<p style=\"font-size: 22px; line-height: 32px; text-align: left; color: #333; font-weight: 400;\">Redirec\u021bionarea a 2% din impozitul pe venit este dreptul t\u0103u legal de a decide cum sunt utiliza\u021bi o parte din banii pe care \u00eei pl\u0103te\u0219ti deja statului, sub form\u0103 de impozit. Practic, tu decizi s\u0103 sus\u021bii direct \u0219i transparent proiecte sociale, f\u0103r\u0103 s\u0103 cheltuie\u0219ti vreun ban \u00een plus din propriul buzunar.<\/p>\n<p style=\"font-size: 22px; line-height: 32px; text-align: left; color: #333; font-weight: 400;\">Dac\u0103 alegi s\u0103 redirec\u021bionezi aceste 2% c\u0103tre Funda\u021bia Moldcell, statul va primi 98% din impozitul t\u0103u, iar 2% vor fi direc\u021bionate c\u0103tre proiectele sociale ale Funda\u021biei. Astfel, ai oportunitatea s\u0103 transformi acest drept \u00eentr-o decizie simpl\u0103 \u0219i rapid\u0103, dar cu impact real \u0219i de durat\u0103.<\/p>\n<p style=\"font-size: 32px; line-height: 44px; text-align: center; color: #9a23d8; font-weight: 500;\">Sus\u021bine proiectele Funda\u021biei Moldcell:<\/p>\n<p style=\"font-size: 22px; line-height: 32px; text-align: left; color: #333; font-weight: 400;\"><strong>Educa\u021bie \u0219i Createch:<\/strong> Promov\u0103m educa\u021bia modern\u0103 \u0219i creativitatea digital\u0103 pentru copii \u0219i tineri, oferindu-le acces la cuno\u0219tin\u021be \u0219i tehnologii avansate.<\/p>\n<p style=\"font-size: 22px; line-height: 32px; text-align: left; color: #333; font-weight: 400;\"><strong>Incluziune digital\u0103:<\/strong> Lupt\u0103m pentru egalitatea \u0219anselor \u0219i pentru a facilita accesul tuturor la mediul digital, indiferent de v\u00e2rst\u0103 sau context social.<\/p>\n<p style=\"font-size: 22px; line-height: 32px; text-align: left; color: #333; font-weight: 400;\"><strong>Abilitarea femeilor:<\/strong> \u00cencuraj\u0103m \u0219i sus\u021binem femeile s\u0103 \u00ee\u0219i dezvolte abilit\u0103\u021bile digitale \u0219i antreprenoriale, contribuind la crearea unei societ\u0103\u021bi mai echitabile \u0219i mai puternice.<\/p>\n<p style=\"font-size: 22px; line-height: 32px; text-align: left; color: #333; font-weight: 400;\"><strong>Siguran\u021ba online:<\/strong> Dezvolt\u0103m programe \u0219i campanii pentru a proteja \u0219i informa copiii \u0219i adul\u021bii despre riscurile \u0219i oportunit\u0103\u021bile din mediul online.<\/p>\n<p style=\"font-size: 22px; line-height: 32px; text-align: left; color: #333; font-weight: 400;\"><strong>Antreprenoriat social:<\/strong> Sprijinim ini\u021biativele antreprenoriale cu impact pozitiv asupra comunit\u0103\u021bii \u0219i ajut\u0103m ideile valoroase s\u0103 se transforme \u00een proiecte sustenabile.<\/p>\n<p>[\/vc_column_text][\/vc_column][\/vc_row][vc_row][vc_column offset=&#8221;vc_hidden-xs&#8221;][vc_column_text]<\/p>\n<p style=\"font-size: 32px; line-height: 44px; text-align: center; color: #9a23d8; font-weight: 500;\">Cum redirec\u021bionez 2%? U\u0219or, \u00een 4 pa\u0219i<\/p>\n<p>&nbsp;<\/p>\n<p style=\"font-size: 22px; line-height: 32px; text-align: left; color: #333; font-weight: bold;\">\u00ce\u021bi ia maxim 5 minute \u0219i nu te cost\u0103 nimic.<\/p>\n<p>&nbsp;<\/p>\n<p style=\"font-size: 22px; line-height: 32px; text-align: left; color: #333; font-weight: 400;\">Completeaz\u0103 <a style=\"color: #9a23d8;\" href=\"https:\/\/declaratie-rapida.fisc.md\/Document.aspx?taxid=CET18&amp;fbclid=IwAR155MPTcM0hFJmjCLBs9F40aD4gwD6eyJl6W4u0zVkWI4fy_nwMMmKdtbc\">formularul CET 18<\/a> la orice subdiviziune teritorial\u0103 al Serviciului Fiscal de Stat (po\u021bi face \u0219i electronic pe site-ul <a style=\"color: #9a23d8;\" href=\"https:\/\/sfs.md\/\">Serviciului Fiscal de Stat<\/a> cu aplicarea semn\u0103turii electronice);<\/p>\n<p>&nbsp;<\/p>\n<p style=\"font-size: 22px; line-height: 32px; text-align: left; color: #333; font-weight: 400;\">Selecteaz\u0103 M1 \u00een cadrul rubricii facultative (ultima din <a style=\"color: #9a23d8;\" href=\"https:\/\/declaratie-rapida.fisc.md\/Document.aspx?taxid=CET18&amp;fbclid=IwAR155MPTcM0hFJmjCLBs9F40aD4gwD6eyJl6W4u0zVkWI4fy_nwMMmKdtbc\">Formular<\/a>) \u2013 Desemnarea procentual\u0103;<\/p>\n<p>&nbsp;<\/p>\n<p style=\"font-size: 22px; line-height: 32px; text-align: left; color: #333; font-weight: 400;\">Introdu codul fiscal al Funda\u021biei Moldcell \u2013 1020620006263;<\/p>\n<p>&nbsp;<\/p>\n<p style=\"font-size: 22px; line-height: 32px; text-align: left; color: #333; font-weight: 400;\">Cererea poate fi depus\u0103 personal la orice oficiu teritorial din \u021bar\u0103, sau o po\u021bi expedia prin po\u0219t\u0103, unde se indic\u0103 pe plic adresa oficiului teritorial fiscal ales.<\/p>\n<p>[\/vc_column_text][\/vc_column][\/vc_row][vc_row][vc_column offset=&#8221;vc_hidden-lg vc_hidden-md vc_hidden-sm&#8221; css=&#8221;.vc_custom_1646316293823{padding-top: 35px !important;}&#8221;][vc_column_text]<\/p>\n<p style=\"font-size: 32px; line-height: 44px; text-align: center; color: #9a23d8; font-weight: 500;\">Cum redirec\u021bionez 2%? U\u0219or, \u00een 4 pa\u0219i<\/p>\n<p>&nbsp;<\/p>\n<p style=\"font-size: 22px; line-height: 32px; text-align: left; color: #333; font-weight: bold;\">\u00ce\u021bi ia maxim 5 minute \u0219i nu te cost\u0103 nimic.<\/p>\n<p>&nbsp;<\/p>\n<p style=\"font-size: 22px; line-height: 32px; text-align: left; color: #333; font-weight: 400;\">Completeaz\u0103 <a style=\"color: #9a23d8;\" href=\"https:\/\/declaratie-rapida.fisc.md\/Document.aspx?taxid=CET18&amp;fbclid=IwAR155MPTcM0hFJmjCLBs9F40aD4gwD6eyJl6W4u0zVkWI4fy_nwMMmKdtbc\">formularul CET 18<\/a> la orice subdiviziune teritorial\u0103 al Serviciului Fiscal de Stat (po\u021bi face \u0219i electronic pe site-ul <a style=\"color: #9a23d8;\" href=\"https:\/\/sfs.md\/\">Serviciului Fiscal de Stat<\/a> cu aplicarea semn\u0103turii electronice);<\/p>\n<p>&nbsp;<\/p>\n<p style=\"font-size: 22px; line-height: 32px; text-align: left; color: #333; font-weight: 400;\">Selecteaz\u0103 M1 \u00een cadrul rubricii facultative (ultima din <a style=\"color: #9a23d8;\" href=\"https:\/\/declaratie-rapida.fisc.md\/Document.aspx?taxid=CET18&amp;fbclid=IwAR155MPTcM0hFJmjCLBs9F40aD4gwD6eyJl6W4u0zVkWI4fy_nwMMmKdtbc\">Formular<\/a>) \u2013 Desemnarea procentual\u0103;<\/p>\n<p>&nbsp;<\/p>\n<p style=\"font-size: 22px; line-height: 32px; text-align: left; color: #333; font-weight: 400;\">Introdu codul fiscal al Funda\u021biei Moldcell \u2013 1020620006263;<\/p>\n<p>&nbsp;<\/p>\n<p style=\"font-size: 22px; line-height: 32px; text-align: left; color: #333; font-weight: 400;\">Cererea poate fi depus\u0103 personal la orice oficiu teritorial din \u021bar\u0103, sau o po\u021bi expedia prin po\u0219t\u0103, unde se indic\u0103 pe plic adresa oficiului teritorial fiscal ales.<\/p>\n<p>[\/vc_column_text][\/vc_column][\/vc_row][vc_row full_width=&#8221;stretch_row&#8221; equal_height=&#8221;yes&#8221; css=&#8221;.vc_custom_1646296907381{background-color: #f6f6f6 !important;}&#8221;][vc_column width=&#8221;1\/2&#8243; css=&#8221;.vc_custom_1646316195492{padding-right: 50px !important;padding-left: 50px !important;}&#8221; offset=&#8221;vc_hidden-xs&#8221;][vc_column_text]<\/p>\n<p style=\"font-size: 32px; line-height: 44px; text-align: left; color: #9a23d8; font-weight: 500;\">Tutorial Video<\/p>\n<p>&nbsp;<\/p>\n<p style=\"font-size: 22px; line-height: 32px; text-align: left; color: #333; font-weight: 400;\">Cererea poate fi depus\u0103 \u0219i online pe <a style=\"color: #9a23d8;\" href=\"https:\/\/sfs.md\/ro\"><span style=\"color: #9a23d8;\">sfs.md<\/span><\/a> cu aplicarea semn\u0103turii electronice.<\/p>\n<p>[\/vc_column_text][\/vc_column][vc_column width=&#8221;1\/2&#8243; css=&#8221;.vc_custom_1646316199292{padding-top: 25px !important;padding-right: 50px !important;padding-left: 50px !important;}&#8221; offset=&#8221;vc_hidden-xs&#8221;][vc_video link=&#8221;https:\/\/www.youtube.com\/watch?v=TmG_7F2YBLM&#8221;][\/vc_column][\/vc_row][vc_row full_width=&#8221;stretch_row&#8221; equal_height=&#8221;yes&#8221; css=&#8221;.vc_custom_1646296907381{background-color: #f6f6f6 !important;}&#8221;][vc_column width=&#8221;1\/2&#8243; css=&#8221;.vc_custom_1646316185529{padding-right: 50px !important;padding-left: 50px !important;}&#8221; offset=&#8221;vc_hidden-lg vc_hidden-md vc_hidden-sm&#8221;][vc_column_text]<\/p>\n<p style=\"font-size: 32px; line-height: 44px; text-align: left; color: #9a23d8; font-weight: 500;\">Tutorial Video<\/p>\n<p>&nbsp;<\/p>\n<p style=\"font-size: 22px; line-height: 32px; text-align: left; color: #333; font-weight: 400;\">Cererea poate fi depus\u0103 \u0219i online pe <a href=\"https:\/\/sfs.md\/ro\"><span style=\"color: #9a23d8;\">sfs<\/span><\/a><a href=\"https:\/\/sfs.md\/ro\"><span style=\"color: #9a23d8;\">.md<\/span><\/a> cu aplicarea semn\u0103turii electronice.<\/p>\n<p>[\/vc_column_text][\/vc_column][vc_column width=&#8221;1\/2&#8243; css=&#8221;.vc_custom_1646316190536{padding-top: 25px !important;padding-right: 50px !important;padding-left: 50px !important;}&#8221; offset=&#8221;vc_hidden-lg vc_hidden-md vc_hidden-sm&#8221;][vc_video link=&#8221;https:\/\/www.youtube.com\/watch?v=TmG_7F2YBLM&#8221;][\/vc_column][\/vc_row]<\/p>\n","protected":false},"excerpt":{"rendered":"<p>[vc_row full_width=&#8221;stretch_row_content&#8221; css=&#8221;.vc_custom_1646318446834{margin-bottom: 0px !important;background-position: center !important;background-repeat: no-repeat !important;background-size: cover !important;}&#8221;][vc_column css=&#8221;.vc_custom_1646318396332{margin-bottom: 0px !important;padding-top: 0px !important;padding-right: 0px !important;padding-bottom: 0px !important;padding-left: 0px !important;}&#8221; offset=&#8221;vc_hidden-xs&#8221;][vc_single_image image=&#8221;12903&#8243; img_size=&#8221;full&#8221; alignment=&#8221;center&#8221; css=&#8221;.vc_custom_1742390829425{margin-bottom: 0px !important;}&#8221;][\/vc_column][\/vc_row][vc_row full_width=&#8221;stretch_row_content&#8221; css=&#8221;.vc_custom_1646318422179{margin-bottom: 0px !important;background-position: center !important;background-repeat: no-repeat !important;background-size: cover !important;}&#8221;][vc_column css=&#8221;.vc_custom_1646318383558{margin-bottom: 0px !important;padding-top: 0px !important;padding-right: 0px !important;padding-bottom: 0px !important;padding-left: 0px !important;}&#8221; offset=&#8221;vc_hidden-lg vc_hidden-md vc_hidden-sm&#8221;][vc_single_image image=&#8221;12903&#8243; img_size=&#8221;full&#8221; [&hellip;]<\/p>\n","protected":false},"author":2,"featured_media":0,"parent":0,"menu_order":0,"comment_status":"closed","ping_status":"closed","template":"","meta":[],"_links":{"self":[{"href":"https:\/\/fundatia.moldcell.md\/en\/wp-json\/wp\/v2\/pages\/12275"}],"collection":[{"href":"https:\/\/fundatia.moldcell.md\/en\/wp-json\/wp\/v2\/pages"}],"about":[{"href":"https:\/\/fundatia.moldcell.md\/en\/wp-json\/wp\/v2\/types\/page"}],"author":[{"embeddable":true,"href":"https:\/\/fundatia.moldcell.md\/en\/wp-json\/wp\/v2\/users\/2"}],"replies":[{"embeddable":true,"href":"https:\/\/fundatia.moldcell.md\/en\/wp-json\/wp\/v2\/comments?post=12275"}],"version-history":[{"count":102,"href":"https:\/\/fundatia.moldcell.md\/en\/wp-json\/wp\/v2\/pages\/12275\/revisions"}],"predecessor-version":[{"id":13106,"href":"https:\/\/fundatia.moldcell.md\/en\/wp-json\/wp\/v2\/pages\/12275\/revisions\/13106"}],"wp:attachment":[{"href":"https:\/\/fundatia.moldcell.md\/en\/wp-json\/wp\/v2\/media?parent=12275"}],"curies":[{"name":"wp","href":"https:\/\/api.w.org\/{rel}","templated":true}]}}